{"id":6,"date":"2022-11-30T17:41:00","date_gmt":"2022-11-30T20:41:00","guid":{"rendered":"https:\/\/centrodememoria.fapesp.br\/exposicoes\/genoma\/?page_id=6"},"modified":"2022-12-08T12:21:09","modified_gmt":"2022-12-08T15:21:09","slug":"exposicao-genoma-20","status":"publish","type":"page","link":"https:\/\/centrodememoria.fapesp.br\/exposicoes\/genoma\/","title":{"rendered":"O Projeto Genoma e a pesquisa em rede"},"content":{"rendered":"\n<p>Nesta exposi\u00e7\u00e3o, voc\u00ea conhece a trajet\u00f3ria do Projeto Genoma, iniciativa da FAPESP que inseriu o Brasil no campo do sequenciamento gen\u00f4mico, com todos os desafios impostos \u00e0 pesquisa fora do eixo geogr\u00e1fico tradicional da ci\u00eancia, localizado nos pa\u00edses que constituem o centro da economia mundial. O resultado do projeto foi um feito para a ci\u00eancia brasileira, e a al\u00e7ou ao grupo de elite da pesquisa mundial.<\/p>\n\n\n\n<p>A experi\u00eancia \u00e9 contada aqui dos bastidores \u00e0 repercuss\u00e3o internacional, dos desdobramentos aos desafios persistentes que o recuo dos 21 anos permite identificar. Narrar a hist\u00f3ria da ci\u00eancia, registrar mem\u00f3rias e refletir sobre elas \u00e9 um compromisso para o seu avan\u00e7o.<\/p>\n","protected":false},"excerpt":{"rendered":"<p>Nesta exposi\u00e7\u00e3o, voc\u00ea conhece a trajet\u00f3ria do Projeto Genoma, iniciativa da FAPESP que inseriu o Brasil no campo do sequenciamento gen\u00f4mico, com todos os desafios impostos \u00e0 pesquisa fora do eixo geogr\u00e1fico tradicional da ci\u00eancia, localizado nos pa\u00edses que constituem o centro da economia mundial. O resultado do projeto foi um feito para a ci\u00eancia&#8230;<\/p>\n","protected":false},"author":1,"featured_media":0,"parent":0,"menu_order":0,"comment_status":"closed","ping_status":"closed","template":"template-exposicao-genoma.php","meta":{"footnotes":""},"class_list":["post-6","page","type-page","status-publish","hentry"],"yoast_head":"<!-- This site is optimized with the Yoast SEO plugin v26.6 - https:\/\/yoast.com\/wordpress\/plugins\/seo\/ -->\n<title>O Projeto Genoma e a pesquisa em rede | O Projeto Genoma e a pesquisa em rede<\/title>\n<meta name=\"robots\" content=\"index, follow, max-snippet:-1, max-image-preview:large, max-video-preview:-1\" \/>\n<link rel=\"canonical\" href=\"https:\/\/centrodememoria.fapesp.br\/exposicoes\/genoma\/\" \/>\n<meta property=\"og:locale\" content=\"pt_BR\" \/>\n<meta property=\"og:type\" content=\"article\" \/>\n<meta property=\"og:title\" content=\"O Projeto Genoma e a pesquisa em rede | O Projeto Genoma e a pesquisa em rede\" \/>\n<meta property=\"og:description\" content=\"Nesta exposi\u00e7\u00e3o, voc\u00ea conhece a trajet\u00f3ria do Projeto Genoma, iniciativa da FAPESP que inseriu o Brasil no campo do sequenciamento gen\u00f4mico, com todos os desafios impostos \u00e0 pesquisa fora do eixo geogr\u00e1fico tradicional da ci\u00eancia, localizado nos pa\u00edses que constituem o centro da economia mundial. O resultado do projeto foi um feito para a ci\u00eancia...\" \/>\n<meta property=\"og:url\" content=\"https:\/\/centrodememoria.fapesp.br\/exposicoes\/genoma\/\" \/>\n<meta property=\"og:site_name\" content=\"O Projeto Genoma e a pesquisa em rede\" \/>\n<meta property=\"article:modified_time\" content=\"2022-12-08T15:21:09+00:00\" \/>\n<meta name=\"twitter:card\" content=\"summary_large_image\" \/>\n<meta name=\"twitter:label1\" content=\"Est. tempo de leitura\" \/>\n\t<meta name=\"twitter:data1\" content=\"1 minuto\" \/>\n<script type=\"application\/ld+json\" class=\"yoast-schema-graph\">{\"@context\":\"https:\/\/schema.org\",\"@graph\":[{\"@type\":\"WebPage\",\"@id\":\"https:\/\/centrodememoria.fapesp.br\/exposicoes\/genoma\/\",\"url\":\"https:\/\/centrodememoria.fapesp.br\/exposicoes\/genoma\/\",\"name\":\"O Projeto Genoma e a pesquisa em rede | O Projeto Genoma e a pesquisa em rede\",\"isPartOf\":{\"@id\":\"https:\/\/centrodememoria.fapesp.br\/exposicoes\/genoma\/#website\"},\"datePublished\":\"2022-11-30T20:41:00+00:00\",\"dateModified\":\"2022-12-08T15:21:09+00:00\",\"breadcrumb\":{\"@id\":\"https:\/\/centrodememoria.fapesp.br\/exposicoes\/genoma\/#breadcrumb\"},\"inLanguage\":\"pt-BR\",\"potentialAction\":[{\"@type\":\"ReadAction\",\"target\":[\"https:\/\/centrodememoria.fapesp.br\/exposicoes\/genoma\/\"]}]},{\"@type\":\"BreadcrumbList\",\"@id\":\"https:\/\/centrodememoria.fapesp.br\/exposicoes\/genoma\/#breadcrumb\",\"itemListElement\":[{\"@type\":\"ListItem\",\"position\":1,\"name\":\"Home\",\"item\":\"https:\/\/centrodememoria.fapesp.br\/exposicoes\/genoma\/\"},{\"@type\":\"ListItem\",\"position\":2,\"name\":\"O Projeto Genoma e a pesquisa em rede\"}]},{\"@type\":\"WebSite\",\"@id\":\"https:\/\/centrodememoria.fapesp.br\/exposicoes\/genoma\/#website\",\"url\":\"https:\/\/centrodememoria.fapesp.br\/exposicoes\/genoma\/\",\"name\":\"O Projeto Genoma e a pesquisa em rede\",\"description\":\"\",\"potentialAction\":[{\"@type\":\"SearchAction\",\"target\":{\"@type\":\"EntryPoint\",\"urlTemplate\":\"https:\/\/centrodememoria.fapesp.br\/exposicoes\/genoma\/?s={search_term_string}\"},\"query-input\":{\"@type\":\"PropertyValueSpecification\",\"valueRequired\":true,\"valueName\":\"search_term_string\"}}],\"inLanguage\":\"pt-BR\"}]}<\/script>\n<!-- \/ Yoast SEO plugin. -->","yoast_head_json":{"title":"O Projeto Genoma e a pesquisa em rede | O Projeto Genoma e a pesquisa em rede","robots":{"index":"index","follow":"follow","max-snippet":"max-snippet:-1","max-image-preview":"max-image-preview:large","max-video-preview":"max-video-preview:-1"},"canonical":"https:\/\/centrodememoria.fapesp.br\/exposicoes\/genoma\/","og_locale":"pt_BR","og_type":"article","og_title":"O Projeto Genoma e a pesquisa em rede | O Projeto Genoma e a pesquisa em rede","og_description":"Nesta exposi\u00e7\u00e3o, voc\u00ea conhece a trajet\u00f3ria do Projeto Genoma, iniciativa da FAPESP que inseriu o Brasil no campo do sequenciamento gen\u00f4mico, com todos os desafios impostos \u00e0 pesquisa fora do eixo geogr\u00e1fico tradicional da ci\u00eancia, localizado nos pa\u00edses que constituem o centro da economia mundial. O resultado do projeto foi um feito para a ci\u00eancia...","og_url":"https:\/\/centrodememoria.fapesp.br\/exposicoes\/genoma\/","og_site_name":"O Projeto Genoma e a pesquisa em rede","article_modified_time":"2022-12-08T15:21:09+00:00","twitter_card":"summary_large_image","twitter_misc":{"Est. tempo de leitura":"1 minuto"},"schema":{"@context":"https:\/\/schema.org","@graph":[{"@type":"WebPage","@id":"https:\/\/centrodememoria.fapesp.br\/exposicoes\/genoma\/","url":"https:\/\/centrodememoria.fapesp.br\/exposicoes\/genoma\/","name":"O Projeto Genoma e a pesquisa em rede | O Projeto Genoma e a pesquisa em rede","isPartOf":{"@id":"https:\/\/centrodememoria.fapesp.br\/exposicoes\/genoma\/#website"},"datePublished":"2022-11-30T20:41:00+00:00","dateModified":"2022-12-08T15:21:09+00:00","breadcrumb":{"@id":"https:\/\/centrodememoria.fapesp.br\/exposicoes\/genoma\/#breadcrumb"},"inLanguage":"pt-BR","potentialAction":[{"@type":"ReadAction","target":["https:\/\/centrodememoria.fapesp.br\/exposicoes\/genoma\/"]}]},{"@type":"BreadcrumbList","@id":"https:\/\/centrodememoria.fapesp.br\/exposicoes\/genoma\/#breadcrumb","itemListElement":[{"@type":"ListItem","position":1,"name":"Home","item":"https:\/\/centrodememoria.fapesp.br\/exposicoes\/genoma\/"},{"@type":"ListItem","position":2,"name":"O Projeto Genoma e a pesquisa em rede"}]},{"@type":"WebSite","@id":"https:\/\/centrodememoria.fapesp.br\/exposicoes\/genoma\/#website","url":"https:\/\/centrodememoria.fapesp.br\/exposicoes\/genoma\/","name":"O Projeto Genoma e a pesquisa em rede","description":"","potentialAction":[{"@type":"SearchAction","target":{"@type":"EntryPoint","urlTemplate":"https:\/\/centrodememoria.fapesp.br\/exposicoes\/genoma\/?s={search_term_string}"},"query-input":{"@type":"PropertyValueSpecification","valueRequired":true,"valueName":"search_term_string"}}],"inLanguage":"pt-BR"}]}},"_links":{"self":[{"href":"https:\/\/centrodememoria.fapesp.br\/exposicoes\/genoma\/wp-json\/wp\/v2\/pages\/6","targetHints":{"allow":["GET"]}}],"collection":[{"href":"https:\/\/centrodememoria.fapesp.br\/exposicoes\/genoma\/wp-json\/wp\/v2\/pages"}],"about":[{"href":"https:\/\/centrodememoria.fapesp.br\/exposicoes\/genoma\/wp-json\/wp\/v2\/types\/page"}],"author":[{"embeddable":true,"href":"https:\/\/centrodememoria.fapesp.br\/exposicoes\/genoma\/wp-json\/wp\/v2\/users\/1"}],"replies":[{"embeddable":true,"href":"https:\/\/centrodememoria.fapesp.br\/exposicoes\/genoma\/wp-json\/wp\/v2\/comments?post=6"}],"version-history":[{"count":0,"href":"https:\/\/centrodememoria.fapesp.br\/exposicoes\/genoma\/wp-json\/wp\/v2\/pages\/6\/revisions"}],"wp:attachment":[{"href":"https:\/\/centrodememoria.fapesp.br\/exposicoes\/genoma\/wp-json\/wp\/v2\/media?parent=6"}],"curies":[{"name":"wp","href":"https:\/\/api.w.org\/{rel}","templated":true}]}}